{"id":10806,"date":"2022-11-22T11:45:50","date_gmt":"2022-11-22T11:45:50","guid":{"rendered":"https:\/\/seik-cableway.com\/?post_type=product&#038;p=10806"},"modified":"2025-10-07T11:51:08","modified_gmt":"2025-10-07T11:51:08","slug":"bau-einer-permanenten-seilbahn-copia","status":"publish","type":"product","link":"https:\/\/seik-cableway.com\/de\/produkt\/bau-einer-permanenten-seilbahn-copia\/","title":{"rendered":"BAU EINER PERMANENTEN SEILBAHN (Copia)"},"content":{"rendered":"<p>Seilkran f\u00fcr den Bau eines Seilbahnsystems f\u00fcr eine Bergh\u00fctte, entworfen, geliefert und installiert.<\/p>\n","protected":false},"excerpt":{"rendered":"<p>Seilkran f\u00fcr den Bau eines Seilbahnsystems f\u00fcr eine Bergh\u00fctte, entworfen, geliefert und installiert.<\/p>\n","protected":false},"featured_media":9655,"comment_status":"closed","ping_status":"closed","template":"","meta":{"_acf_changed":false,"inline_featured_image":false},"product_brand":[],"product_cat":[332],"product_tag":[],"class_list":{"0":"post-10806","1":"product","2":"type-product","3":"status-publish","4":"has-post-thumbnail","6":"product_cat-logistik","7":"pa_dislivello-682m-de","8":"pa_lunghezza-1585m-de","9":"pa_luogo-italia-de","10":"pa_nome-del-cliente-innerharmerhof-des-hofmann-felix-de","11":"pa_periodo-2022-de","12":"pa_portata-4t-de","14":"first","15":"instock","16":"shipping-taxable","17":"product-type-simple"},"acf":[],"_links":{"self":[{"href":"https:\/\/seik-cableway.com\/de\/wp-json\/wp\/v2\/product\/10806","targetHints":{"allow":["GET"]}}],"collection":[{"href":"https:\/\/seik-cableway.com\/de\/wp-json\/wp\/v2\/product"}],"about":[{"href":"https:\/\/seik-cableway.com\/de\/wp-json\/wp\/v2\/types\/product"}],"replies":[{"embeddable":true,"href":"https:\/\/seik-cableway.com\/de\/wp-json\/wp\/v2\/comments?post=10806"}],"wp:featuredmedia":[{"embeddable":true,"href":"https:\/\/seik-cableway.com\/de\/wp-json\/wp\/v2\/media\/9655"}],"wp:attachment":[{"href":"https:\/\/seik-cableway.com\/de\/wp-json\/wp\/v2\/media?parent=10806"}],"wp:term":[{"taxonomy":"product_brand","embeddable":true,"href":"https:\/\/seik-cableway.com\/de\/wp-json\/wp\/v2\/product_brand?post=10806"},{"taxonomy":"product_cat","embeddable":true,"href":"https:\/\/seik-cableway.com\/de\/wp-json\/wp\/v2\/product_cat?post=10806"},{"taxonomy":"product_tag","embeddable":true,"href":"https:\/\/seik-cableway.com\/de\/wp-json\/wp\/v2\/product_tag?post=10806"}],"curies":[{"name":"wp","href":"https:\/\/api.w.org\/{rel}","templated":true}]}}