{"id":8054,"date":"2022-11-20T08:51:49","date_gmt":"2022-11-20T08:51:49","guid":{"rendered":"https:\/\/seik-cableway.com\/product\/realizzazione-di-un-sistema-di-funivia\/"},"modified":"2025-04-16T13:01:51","modified_gmt":"2025-04-16T13:01:51","slug":"bau-einer-permanenten-seilbahn","status":"publish","type":"product","link":"https:\/\/seik-cableway.com\/de\/produkt\/bau-einer-permanenten-seilbahn\/","title":{"rendered":"BAU EINER PERMANENTEN SEILBAHN"},"content":{"rendered":"<p>Seilkran f\u00fcr den Bau eines Seilbahnsystems f\u00fcr eine Bergh\u00fctte, entworfen, geliefert und installiert.<\/p>\n","protected":false},"excerpt":{"rendered":"<p>Seilkran f\u00fcr den Bau eines Seilbahnsystems f\u00fcr eine Bergh\u00fctte, entworfen, geliefert und installiert.<\/p>\n","protected":false},"featured_media":9652,"comment_status":"closed","ping_status":"closed","template":"","meta":{"_acf_changed":false,"inline_featured_image":false},"product_brand":[],"product_cat":[312],"product_tag":[],"class_list":{"0":"post-8054","1":"product","2":"type-product","3":"status-publish","4":"has-post-thumbnail","6":"product_cat-bauwesen","7":"pa_dislivello-682m-de","8":"pa_lunghezza-1585m-de","9":"pa_luogo-italia-de","10":"pa_nome-del-cliente-innerharmerhof-des-hofmann-felix-de","11":"pa_periodo-2022-de","12":"pa_portata-4t-de","14":"first","15":"instock","16":"shipping-taxable","17":"product-type-simple"},"acf":[],"_links":{"self":[{"href":"https:\/\/seik-cableway.com\/de\/wp-json\/wp\/v2\/product\/8054","targetHints":{"allow":["GET"]}}],"collection":[{"href":"https:\/\/seik-cableway.com\/de\/wp-json\/wp\/v2\/product"}],"about":[{"href":"https:\/\/seik-cableway.com\/de\/wp-json\/wp\/v2\/types\/product"}],"replies":[{"embeddable":true,"href":"https:\/\/seik-cableway.com\/de\/wp-json\/wp\/v2\/comments?post=8054"}],"wp:featuredmedia":[{"embeddable":true,"href":"https:\/\/seik-cableway.com\/de\/wp-json\/wp\/v2\/media\/9652"}],"wp:attachment":[{"href":"https:\/\/seik-cableway.com\/de\/wp-json\/wp\/v2\/media?parent=8054"}],"wp:term":[{"taxonomy":"product_brand","embeddable":true,"href":"https:\/\/seik-cableway.com\/de\/wp-json\/wp\/v2\/product_brand?post=8054"},{"taxonomy":"product_cat","embeddable":true,"href":"https:\/\/seik-cableway.com\/de\/wp-json\/wp\/v2\/product_cat?post=8054"},{"taxonomy":"product_tag","embeddable":true,"href":"https:\/\/seik-cableway.com\/de\/wp-json\/wp\/v2\/product_tag?post=8054"}],"curies":[{"name":"wp","href":"https:\/\/api.w.org\/{rel}","templated":true}]}}