{"id":8077,"date":"2018-05-05T10:24:56","date_gmt":"2018-05-05T10:24:56","guid":{"rendered":"https:\/\/seik-cableway.com\/product\/sistema-di-trasporto-inerti-da-miniera\/"},"modified":"2025-03-31T13:29:17","modified_gmt":"2025-03-31T13:29:17","slug":"transport-von-kies-in-der-grube-2","status":"publish","type":"product","link":"https:\/\/seik-cableway.com\/de\/produkt\/transport-von-kies-in-der-grube-2\/","title":{"rendered":"TRANSPORT VON KIES UND SCHOTTER AUS EINEM STEINBRUCH"},"content":{"rendered":"<p>Vollst\u00e4ndig automatisches System mit Energier\u00fcckgewinnungssystem f\u00fcr eine neue \u00c4ra im Konzept der Bergbau-Logistik<\/p>\n","protected":false},"excerpt":{"rendered":"<p>Vollst\u00e4ndig automatisches System mit Energier\u00fcckgewinnungssystem f\u00fcr eine neue \u00c4ra im Konzept der Bergbau-Logistik<\/p>\n","protected":false},"featured_media":7258,"comment_status":"closed","ping_status":"closed","template":"","meta":{"_acf_changed":false,"inline_featured_image":false},"product_brand":[],"product_cat":[328,336],"product_tag":[],"class_list":{"0":"post-8077","1":"product","2":"type-product","3":"status-publish","4":"has-post-thumbnail","6":"product_cat-bergbau","7":"product_cat-skydumper-de","8":"pa_dislivello-145m-de","9":"pa_lunghezza-270m-de","10":"pa_luogo-austria-de","11":"pa_nome-del-cliente-stoeckl-franz-gesmbh-de","12":"pa_periodo-2018-de","13":"pa_portata-40t-de","15":"first","16":"instock","17":"shipping-taxable","18":"product-type-simple"},"acf":[],"_links":{"self":[{"href":"https:\/\/seik-cableway.com\/de\/wp-json\/wp\/v2\/product\/8077","targetHints":{"allow":["GET"]}}],"collection":[{"href":"https:\/\/seik-cableway.com\/de\/wp-json\/wp\/v2\/product"}],"about":[{"href":"https:\/\/seik-cableway.com\/de\/wp-json\/wp\/v2\/types\/product"}],"replies":[{"embeddable":true,"href":"https:\/\/seik-cableway.com\/de\/wp-json\/wp\/v2\/comments?post=8077"}],"wp:featuredmedia":[{"embeddable":true,"href":"https:\/\/seik-cableway.com\/de\/wp-json\/wp\/v2\/media\/7258"}],"wp:attachment":[{"href":"https:\/\/seik-cableway.com\/de\/wp-json\/wp\/v2\/media?parent=8077"}],"wp:term":[{"taxonomy":"product_brand","embeddable":true,"href":"https:\/\/seik-cableway.com\/de\/wp-json\/wp\/v2\/product_brand?post=8077"},{"taxonomy":"product_cat","embeddable":true,"href":"https:\/\/seik-cableway.com\/de\/wp-json\/wp\/v2\/product_cat?post=8077"},{"taxonomy":"product_tag","embeddable":true,"href":"https:\/\/seik-cableway.com\/de\/wp-json\/wp\/v2\/product_tag?post=8077"}],"curies":[{"name":"wp","href":"https:\/\/api.w.org\/{rel}","templated":true}]}}