{"id":8083,"date":"2018-04-06T09:53:47","date_gmt":"2018-04-06T09:53:47","guid":{"rendered":"https:\/\/seik-cableway.com\/product\/condotta-aerea\/"},"modified":"2025-03-31T13:31:05","modified_gmt":"2025-03-31T13:31:05","slug":"lueftleitung","status":"publish","type":"product","link":"https:\/\/seik-cableway.com\/de\/produkt\/lueftleitung\/","title":{"rendered":"ENERGIEVERSORGUNG F\u00dcR EINE FRAKTION (WASSER, GAS UND STROM)"},"content":{"rendered":"<p>Montage der Metallstrukturen f\u00fcr die Installation von St\u00fctzen f\u00fcr Wasserrohre, Hochspannungskabel und Erdgasleitungen auf der Br\u00fccke<\/p>\n","protected":false},"excerpt":{"rendered":"<p>Montage der Metallstrukturen f\u00fcr die Installation von St\u00fctzen f\u00fcr Wasserrohre, Hochspannungskabel und Erdgasleitungen auf der Br\u00fccke<\/p>\n","protected":false},"featured_media":6778,"comment_status":"closed","ping_status":"closed","template":"","meta":{"_acf_changed":false,"inline_featured_image":false},"product_brand":[],"product_cat":[334],"product_tag":[],"class_list":{"0":"post-8083","1":"product","2":"type-product","3":"status-publish","4":"has-post-thumbnail","6":"product_cat-massgeschneidert-innovativ","7":"pa_lunghezza-64m-de","8":"pa_luogo-italia-de","9":"pa_nome-del-cliente-comune-di-cavalese-de","10":"pa_periodo-2018-de","12":"first","13":"instock","14":"shipping-taxable","15":"product-type-simple"},"acf":[],"_links":{"self":[{"href":"https:\/\/seik-cableway.com\/de\/wp-json\/wp\/v2\/product\/8083","targetHints":{"allow":["GET"]}}],"collection":[{"href":"https:\/\/seik-cableway.com\/de\/wp-json\/wp\/v2\/product"}],"about":[{"href":"https:\/\/seik-cableway.com\/de\/wp-json\/wp\/v2\/types\/product"}],"replies":[{"embeddable":true,"href":"https:\/\/seik-cableway.com\/de\/wp-json\/wp\/v2\/comments?post=8083"}],"wp:featuredmedia":[{"embeddable":true,"href":"https:\/\/seik-cableway.com\/de\/wp-json\/wp\/v2\/media\/6778"}],"wp:attachment":[{"href":"https:\/\/seik-cableway.com\/de\/wp-json\/wp\/v2\/media?parent=8083"}],"wp:term":[{"taxonomy":"product_brand","embeddable":true,"href":"https:\/\/seik-cableway.com\/de\/wp-json\/wp\/v2\/product_brand?post=8083"},{"taxonomy":"product_cat","embeddable":true,"href":"https:\/\/seik-cableway.com\/de\/wp-json\/wp\/v2\/product_cat?post=8083"},{"taxonomy":"product_tag","embeddable":true,"href":"https:\/\/seik-cableway.com\/de\/wp-json\/wp\/v2\/product_tag?post=8083"}],"curies":[{"name":"wp","href":"https:\/\/api.w.org\/{rel}","templated":true}]}}