{"id":8091,"date":"2018-02-13T10:05:45","date_gmt":"2018-02-13T10:05:45","guid":{"rendered":"https:\/\/seik-cableway.com\/product\/sistema-di-funivia-per-un-rifugio-alpino\/"},"modified":"2025-03-25T08:32:15","modified_gmt":"2025-03-25T08:32:15","slug":"materialtransport-fuer-ein-berghuette","status":"publish","type":"product","link":"https:\/\/seik-cableway.com\/de\/produkt\/materialtransport-fuer-ein-berghuette\/","title":{"rendered":"MATERIALTRANSPORT F\u00dcR EIN BERGH\u00dcTTE"},"content":{"rendered":"<p>Seilbahnsystem mit Vorkehrungen f\u00fcr den Transport von privaten Fahrg\u00e4sten<\/p>\n","protected":false},"excerpt":{"rendered":"<p>Seilbahnsystem mit Vorkehrungen f\u00fcr den Transport von privaten Fahrg\u00e4sten<\/p>\n","protected":false},"featured_media":7226,"comment_status":"closed","ping_status":"closed","template":"","meta":{"_acf_changed":false,"inline_featured_image":false},"product_brand":[],"product_cat":[332,813],"product_tag":[],"class_list":{"0":"post-8091","1":"product","2":"type-product","3":"status-publish","4":"has-post-thumbnail","6":"product_cat-logistik","7":"product_cat-skycargo-de","8":"pa_dislivello-352m-de","9":"pa_lunghezza-710m-de","10":"pa_luogo-italia-de","11":"pa_nome-del-cliente-gardenacia-snc-di-nagler-martin-co-de","12":"pa_periodo-2018-de","13":"pa_portata-04t-de","15":"first","16":"instock","17":"shipping-taxable","18":"product-type-simple"},"acf":[],"_links":{"self":[{"href":"https:\/\/seik-cableway.com\/de\/wp-json\/wp\/v2\/product\/8091","targetHints":{"allow":["GET"]}}],"collection":[{"href":"https:\/\/seik-cableway.com\/de\/wp-json\/wp\/v2\/product"}],"about":[{"href":"https:\/\/seik-cableway.com\/de\/wp-json\/wp\/v2\/types\/product"}],"replies":[{"embeddable":true,"href":"https:\/\/seik-cableway.com\/de\/wp-json\/wp\/v2\/comments?post=8091"}],"wp:featuredmedia":[{"embeddable":true,"href":"https:\/\/seik-cableway.com\/de\/wp-json\/wp\/v2\/media\/7226"}],"wp:attachment":[{"href":"https:\/\/seik-cableway.com\/de\/wp-json\/wp\/v2\/media?parent=8091"}],"wp:term":[{"taxonomy":"product_brand","embeddable":true,"href":"https:\/\/seik-cableway.com\/de\/wp-json\/wp\/v2\/product_brand?post=8091"},{"taxonomy":"product_cat","embeddable":true,"href":"https:\/\/seik-cableway.com\/de\/wp-json\/wp\/v2\/product_cat?post=8091"},{"taxonomy":"product_tag","embeddable":true,"href":"https:\/\/seik-cableway.com\/de\/wp-json\/wp\/v2\/product_tag?post=8091"}],"curies":[{"name":"wp","href":"https:\/\/api.w.org\/{rel}","templated":true}]}}