{"id":8093,"date":"2016-05-13T10:31:33","date_gmt":"2016-05-13T10:31:33","guid":{"rendered":"https:\/\/seik-cableway.com\/product\/sostituzione-del-tetto-della-fabbrica\/"},"modified":"2025-03-31T07:00:14","modified_gmt":"2025-03-31T07:00:14","slug":"wartung-einer-industriedecke","status":"publish","type":"product","link":"https:\/\/seik-cableway.com\/de\/produkt\/wartung-einer-industriedecke\/","title":{"rendered":"WARTUNG DES DACHES EINER INDUSTRIEHALLE"},"content":{"rendered":"<p>Skytruck 100 in einem st\u00e4dtischen Gebiet mit Bahnlinien\u00fcberquerung und ohne M\u00f6glichkeit, die Betriebsabl\u00e4ufe in der Fabrik zu unterbrechen<\/p>\n","protected":false},"excerpt":{"rendered":"<p>Skytruck 100 in einem st\u00e4dtischen Gebiet mit Bahnlinien\u00fcberquerung und ohne M\u00f6glichkeit, die Betriebsabl\u00e4ufe in der Fabrik zu unterbrechen<\/p>\n","protected":false},"featured_media":7276,"comment_status":"closed","ping_status":"closed","template":"","meta":{"_acf_changed":false,"inline_featured_image":false},"product_brand":[],"product_cat":[312,338],"product_tag":[],"class_list":{"0":"post-8093","1":"product","2":"type-product","3":"status-publish","4":"has-post-thumbnail","6":"product_cat-bauwesen","7":"product_cat-skytruck-de","8":"pa_lunghezza-200m-de","9":"pa_luogo-italia-de","10":"pa_nome-del-cliente-manelli-impresa-srl-de","11":"pa_periodo-2016-de","12":"pa_portata-2t-de","14":"first","15":"instock","16":"shipping-taxable","17":"product-type-simple"},"acf":[],"_links":{"self":[{"href":"https:\/\/seik-cableway.com\/de\/wp-json\/wp\/v2\/product\/8093","targetHints":{"allow":["GET"]}}],"collection":[{"href":"https:\/\/seik-cableway.com\/de\/wp-json\/wp\/v2\/product"}],"about":[{"href":"https:\/\/seik-cableway.com\/de\/wp-json\/wp\/v2\/types\/product"}],"replies":[{"embeddable":true,"href":"https:\/\/seik-cableway.com\/de\/wp-json\/wp\/v2\/comments?post=8093"}],"wp:featuredmedia":[{"embeddable":true,"href":"https:\/\/seik-cableway.com\/de\/wp-json\/wp\/v2\/media\/7276"}],"wp:attachment":[{"href":"https:\/\/seik-cableway.com\/de\/wp-json\/wp\/v2\/media?parent=8093"}],"wp:term":[{"taxonomy":"product_brand","embeddable":true,"href":"https:\/\/seik-cableway.com\/de\/wp-json\/wp\/v2\/product_brand?post=8093"},{"taxonomy":"product_cat","embeddable":true,"href":"https:\/\/seik-cableway.com\/de\/wp-json\/wp\/v2\/product_cat?post=8093"},{"taxonomy":"product_tag","embeddable":true,"href":"https:\/\/seik-cableway.com\/de\/wp-json\/wp\/v2\/product_tag?post=8093"}],"curies":[{"name":"wp","href":"https:\/\/api.w.org\/{rel}","templated":true}]}}