{"id":8159,"date":"2005-03-16T08:39:34","date_gmt":"2005-03-16T08:39:34","guid":{"rendered":"https:\/\/seik-cableway.com\/product\/sistema-a-fune-per-un-rifugio-alpino\/"},"modified":"2025-03-25T11:21:03","modified_gmt":"2025-03-25T11:21:03","slug":"transport-von-materialien-fuer-eine-berghuette","status":"publish","type":"product","link":"https:\/\/seik-cableway.com\/de\/produkt\/transport-von-materialien-fuer-eine-berghuette\/","title":{"rendered":"TRANSPORT VON MATERIALIEN F\u00dcR EINE BERGH\u00dcTTE"},"content":{"rendered":"<p>Seilbahn mit geschlossenem Kreis und Neigungs\u00e4nderung vor der oberen Station<\/p>\n","protected":false},"excerpt":{"rendered":"<p>Seilbahn mit geschlossenem Kreis und Neigungs\u00e4nderung vor der oberen Station<\/p>\n","protected":false},"featured_media":6876,"comment_status":"closed","ping_status":"closed","template":"","meta":{"_acf_changed":false,"inline_featured_image":false},"product_brand":[],"product_cat":[332,813],"product_tag":[],"class_list":{"0":"post-8159","1":"product","2":"type-product","3":"status-publish","4":"has-post-thumbnail","6":"product_cat-logistik","7":"product_cat-skycargo-de","8":"pa_dislivello-830m-de","9":"pa_lunghezza-2335m-de","10":"pa_luogo-italia-de","11":"pa_nome-del-cliente-club-alpino-italiano-cai-sezione-di-verona-de","12":"pa_periodo-2005-de","13":"pa_portata-05t-de","15":"first","16":"instock","17":"shipping-taxable","18":"product-type-simple"},"acf":[],"_links":{"self":[{"href":"https:\/\/seik-cableway.com\/de\/wp-json\/wp\/v2\/product\/8159","targetHints":{"allow":["GET"]}}],"collection":[{"href":"https:\/\/seik-cableway.com\/de\/wp-json\/wp\/v2\/product"}],"about":[{"href":"https:\/\/seik-cableway.com\/de\/wp-json\/wp\/v2\/types\/product"}],"replies":[{"embeddable":true,"href":"https:\/\/seik-cableway.com\/de\/wp-json\/wp\/v2\/comments?post=8159"}],"wp:featuredmedia":[{"embeddable":true,"href":"https:\/\/seik-cableway.com\/de\/wp-json\/wp\/v2\/media\/6876"}],"wp:attachment":[{"href":"https:\/\/seik-cableway.com\/de\/wp-json\/wp\/v2\/media?parent=8159"}],"wp:term":[{"taxonomy":"product_brand","embeddable":true,"href":"https:\/\/seik-cableway.com\/de\/wp-json\/wp\/v2\/product_brand?post=8159"},{"taxonomy":"product_cat","embeddable":true,"href":"https:\/\/seik-cableway.com\/de\/wp-json\/wp\/v2\/product_cat?post=8159"},{"taxonomy":"product_tag","embeddable":true,"href":"https:\/\/seik-cableway.com\/de\/wp-json\/wp\/v2\/product_tag?post=8159"}],"curies":[{"name":"wp","href":"https:\/\/api.w.org\/{rel}","templated":true}]}}